{"id":1060,"date":"2025-07-08T09:49:06","date_gmt":"2025-07-08T09:49:06","guid":{"rendered":"https:\/\/oitours.pt\/condicoes-de-utilizacao\/"},"modified":"2025-07-08T09:52:00","modified_gmt":"2025-07-08T09:52:00","slug":"terms-of-use","status":"publish","type":"page","link":"https:\/\/oitours.pt\/en\/terms-of-use\/","title":{"rendered":"Terms of Use"},"content":{"rendered":"<div class=\"wpb-content-wrapper\"><p>[vc_row css=&#8221;.vc_custom_1751968318272{margin-top: 50px !important;margin-bottom: 50px !important;}&#8221; conditional_render=&#8221;%5B%7B%22value_role%22%3A%22administrator%22%7D%5D&#8221; css_params=&#8221;&#8221;][vc_column][vc_column_text css=&#8221;&#8221; css_params=&#8221;&#8221;]<\/p>\n<h2>Terms of Use<\/h2>\n<p>By accessing and using this website, the user acknowledges that they have read, understood, and accepted the terms and conditions set forth herein.<br \/>\nOi Tours, Lda., headquartered at Urbaniza\u00e7\u00e3o Boca do Rio Resort, Lot 1, Apartment 108, 8400-113 Est\u00f4mbar, operating through its subsidiary brands Oi Travel, Oi Algarve, and Oi Transfers, reserves the right to modify, update, or remove these terms of use at any time without prior notice.<\/p>\n<p>&nbsp;<\/p>\n<p><strong>Intellectual Property<\/strong><\/p>\n<p>All content on this website \u2014 including, but not limited to, text, images, logos, trademarks, graphics, files, and software \u2014 is protected by copyright, registered trademarks, and\/or other intellectual property rights. These rights are owned by Oi Tours, Lda. or by duly authorized third parties.<br \/>\nAll rights not expressly granted are reserved.<\/p>\n<p>&nbsp;<\/p>\n<p><strong>Permitted Use<\/strong><\/p>\n<p>This website is made available for the user\u2019s personal and non-commercial use only. The following actions are strictly prohibited:<\/p>\n<ul>\n<li>Copying, reproducing, or modifying any content;<\/li>\n<li>Distributing, transmitting, or publishing any information contained on this site;<\/li>\n<li>Transferring, selling, or reselling any services or information obtained through this website.<\/li>\n<\/ul>\n<p>Any misuse constitutes a violation of the rights of Oi Tours, Lda. and may result in civil or criminal liability.<\/p>\n<p>&nbsp;<\/p>\n<p><strong>Disclaimer of Liability<\/strong><\/p>\n<p>Oi Tours, Lda. does not guarantee that its website pages will function without interruptions or technical errors.<br \/>\nUnder no circumstances shall Oi Tours, Lda. be held liable, directly or indirectly, for any damage, loss, or inconvenience resulting from the use of or inability to use this website.<\/p>\n<p>&nbsp;<\/p>\n<p><strong>Content Modifications<\/strong><\/p>\n<p>Oi Tours, Lda. reserves the right to:<\/p>\n<ul>\n<li>Add, modify, or remove any content from the website;<\/li>\n<li>Suspend or terminate website operations at any time, for any reason, and without prior notice.<\/li>\n<\/ul>\n<p>Users are responsible for regularly reviewing the content and terms of use whenever they access or use the website, particularly for consulting or booking travel services.<\/p>\n<p>&nbsp;<\/p>\n<p><strong>Links to Third-Party Sites<\/strong><\/p>\n<p>To improve accessibility, the Oi Tours, Lda. website may include links to third-party websites that are not controlled or operated by the company.<br \/>\nBy accessing these external websites, the user acknowledges being subject to the terms of use and privacy policies of those websites. The inclusion of such links does not imply any endorsement or approval by Oi Tours, Lda. of the content, products, or services presented on those external sites.[\/vc_column_text][\/vc_column][\/vc_row]<\/p>\n<\/div>","protected":false},"excerpt":{"rendered":"<p>[vc_row css=&#8221;.vc_custom_1751968318272{margin-top: 50px !important;margin-bottom: 50px !important;}&#8221; conditional_render=&#8221;%5B%7B%22value_role%22%3A%22administrator%22%7D%5D&#8221; css_params=&#8221;&#8221;][vc_column][vc_column_text css=&#8221;&#8221; css_params=&#8221;&#8221;] Terms of Use By accessing and using this website, the user acknowledges that they have read, understood, and accepted the terms and conditions set forth herein. Oi Tours, Lda., headquartered at Urbaniza\u00e7\u00e3o Boca do Rio Resort, Lot 1, Apartment 108, 8400-113 Est\u00f4mbar, operating through its [&hellip;]<\/p>\n","protected":false},"author":1,"featured_media":0,"parent":0,"menu_order":0,"comment_status":"closed","ping_status":"closed","template":"","meta":{"inline_featured_image":false,"footnotes":""},"class_list":["post-1060","page","type-page","status-publish","hentry"],"_links":{"self":[{"href":"https:\/\/oitours.pt\/en\/wp-json\/wp\/v2\/pages\/1060","targetHints":{"allow":["GET"]}}],"collection":[{"href":"https:\/\/oitours.pt\/en\/wp-json\/wp\/v2\/pages"}],"about":[{"href":"https:\/\/oitours.pt\/en\/wp-json\/wp\/v2\/types\/page"}],"author":[{"embeddable":true,"href":"https:\/\/oitours.pt\/en\/wp-json\/wp\/v2\/users\/1"}],"replies":[{"embeddable":true,"href":"https:\/\/oitours.pt\/en\/wp-json\/wp\/v2\/comments?post=1060"}],"version-history":[{"count":0,"href":"https:\/\/oitours.pt\/en\/wp-json\/wp\/v2\/pages\/1060\/revisions"}],"wp:attachment":[{"href":"https:\/\/oitours.pt\/en\/wp-json\/wp\/v2\/media?parent=1060"}],"curies":[{"name":"wp","href":"https:\/\/api.w.org\/{rel}","templated":true}]}}